{"id":2,"date":"2023-11-28T21:46:16","date_gmt":"2023-11-28T20:46:16","guid":{"rendered":"http:\/\/thedystopians.fr\/?page_id=2"},"modified":"2025-03-05T15:27:05","modified_gmt":"2025-03-05T14:27:05","slug":"home","status":"publish","type":"page","link":"https:\/\/thedystopians.fr\/","title":{"rendered":"Landing page"},"content":{"rendered":"\n[et_pb_section fb_built=&#8221;1&#8243; fullwidth=&#8221;on&#8221; _builder_version=&#8221;4.23.1&#8243; _module_preset=&#8221;default&#8221; width=&#8221;100%&#8221; max_width=&#8221;100%&#8221; global_colors_info=&#8221;{}&#8221;][et_pb_fullwidth_image src=&#8221;https:\/\/thedystopians.fr\/wp-content\/uploads\/2023\/12\/HEADER_web-scaled.jpg&#8221; alt=&#8221;the dystopians header &#8211; time to move&#8221; title_text=&#8221;HEADER_web&#8221; _builder_version=&#8221;4.23.1&#8243; _module_preset=&#8221;default&#8221; custom_margin=&#8221;||||false|false&#8221; custom_padding=&#8221;||||false|false&#8221; global_colors_info=&#8221;{}&#8221;][\/et_pb_fullwidth_image][\/et_pb_section][et_pb_section fb_built=&#8221;1&#8243; disabled_on=&#8221;on|on|on&#8221; admin_label=&#8221;Event Schedule&#8221; _builder_version=&#8221;4.23.1&#8243; _module_preset=&#8221;default&#8221; background_color=&#8221;rgba(187,195,199,0.3)&#8221; custom_margin=&#8221;||||false|false&#8221; custom_padding=&#8221;||0px|10px|false|false&#8221; hover_enabled=&#8221;0&#8243; disabled=&#8221;on&#8221; collapsed=&#8221;off&#8221; global_colors_info=&#8221;{}&#8221; sticky_enabled=&#8221;0&#8243;][et_pb_row _builder_version=&#8221;4.23.1&#8243; _module_preset=&#8221;default&#8221; width=&#8221;90%&#8221; max_width=&#8221;1400px&#8221; global_colors_info=&#8221;{}&#8221;][et_pb_column type=&#8221;4_4&#8243; _builder_version=&#8221;4.20.0&#8243; _module_preset=&#8221;default&#8221; global_colors_info=&#8221;{}&#8221;][et_pb_text _builder_version=&#8221;4.23.1&#8243; _module_preset=&#8221;0236f3e9-e0a0-4a3f-ac23-11b1502aad68&#8243; global_colors_info=&#8221;{}&#8221;]<h2><span style=\"color: #9c0d08;\">SHOWS<\/span><\/h2>[\/et_pb_text][\/et_pb_column][\/et_pb_row][et_pb_row column_structure=&#8221;2_3,1_3&#8243; _builder_version=&#8221;4.23.1&#8243; _module_preset=&#8221;default&#8221; width=&#8221;90%&#8221; max_width=&#8221;1400px&#8221; custom_padding=&#8221;10px||10px||true|false&#8221; border_color_all=&#8221;#000000&#8243; border_width_bottom=&#8221;2px&#8221; global_colors_info=&#8221;{}&#8221; transform_styles__hover_enabled=&#8221;off|desktop&#8221; transform_scale__hover_enabled=&#8221;off|desktop&#8221; transform_translate__hover_enabled=&#8221;off|desktop&#8221; transform_rotate__hover_enabled=&#8221;off|desktop&#8221; transform_skew__hover_enabled=&#8221;off|desktop&#8221; transform_origin__hover_enabled=&#8221;off|desktop&#8221; transform_scale__hover=&#8221;98%|98%&#8221;][et_pb_column type=&#8221;2_3&#8243; _builder_version=&#8221;4.20.0&#8243; _module_preset=&#8221;default&#8221; global_colors_info=&#8221;{}&#8221;][et_pb_text _builder_version=&#8221;4.23.1&#8243; _module_preset=&#8221;b74080bb-3c89-42d9-b52b-259fab8c5360&#8243; global_colors_info=&#8221;{}&#8221;]<h2><strong>ALIVE MY STUDIO<\/strong><\/h2>\n<h2>VENDARGUES<\/h2>[\/et_pb_text][et_pb_text _builder_version=&#8221;4.23.1&#8243; _module_preset=&#8221;default&#8221; global_colors_info=&#8221;{}&#8221;]<h4><em>A\u0300 propos de l\u2019e\u0301ve\u0301nement<\/em><\/h4>\n<ul>\n<li>Concert en partenariat avec le groupe <strong>F#CK YOU TONY!!<\/strong><\/li>\n<li>Ouverture des portes, \u00e0 19h<\/li>\n<li><strong>ALIVE My STudio :<\/strong> 125 rue des Portes Domitiennes\u00a0 34740 Vendargues &#8211; <strong>https:\/\/linktr.ee\/alivemystudio<\/strong><\/li>\n<\/ul>[\/et_pb_text][\/et_pb_column][et_pb_column type=&#8221;1_3&#8243; _builder_version=&#8221;4.20.0&#8243; _module_preset=&#8221;default&#8221; global_colors_info=&#8221;{}&#8221;][et_pb_text _builder_version=&#8221;4.23.1&#8243; _module_preset=&#8221;71f14352-2e51-47a2-9843-b0793360c76a&#8221; text_orientation=&#8221;right&#8221; custom_margin=&#8221;||0px||false|false&#8221; custom_padding=&#8221;0px|||||&#8221; text_orientation_tablet=&#8221;left&#8221; text_orientation_phone=&#8221;left&#8221; text_orientation_last_edited=&#8221;on|tablet&#8221; global_colors_info=&#8221;{}&#8221;]<h2><strong>Vendredi 4 octobre 2024<\/strong><\/h2>[\/et_pb_text][et_pb_text _builder_version=&#8221;4.23.1&#8243; _module_preset=&#8221;6bf03215-d2e9-4da3-8941-4dec17219622&#8243; text_orientation=&#8221;right&#8221; text_orientation_tablet=&#8221;left&#8221; text_orientation_phone=&#8221;left&#8221; text_orientation_last_edited=&#8221;on|tablet&#8221; global_colors_info=&#8221;{}&#8221;]<p><a href=\"https:\/\/www.toutafond.com\/\"><span style=\"color: #808080;\">19h &#8211; Prix libre<\/span><\/a><\/p>[\/et_pb_text][\/et_pb_column][\/et_pb_row][\/et_pb_section][et_pb_section fb_built=&#8221;1&#8243; admin_label=&#8221;Venue&#8221; _builder_version=&#8221;4.23.1&#8243; _module_preset=&#8221;default&#8221; background_color=&#8221;rgba(187,195,199,0.3)&#8221; custom_margin=&#8221;||||false|false&#8221; custom_padding=&#8221;||||false|false&#8221; collapsed=&#8221;off&#8221; global_colors_info=&#8221;{}&#8221;][et_pb_row _builder_version=&#8221;4.23.1&#8243; _module_preset=&#8221;default&#8221; width=&#8221;90%&#8221; max_width=&#8221;1400px&#8221; global_colors_info=&#8221;{}&#8221;][et_pb_column type=&#8221;4_4&#8243; _builder_version=&#8221;4.20.0&#8243; _module_preset=&#8221;default&#8221; global_colors_info=&#8221;{}&#8221;][et_pb_text _builder_version=&#8221;4.23.1&#8243; _module_preset=&#8221;0236f3e9-e0a0-4a3f-ac23-11b1502aad68&#8243; global_colors_info=&#8221;{}&#8221;]<h2><span style=\"color: #9c0d08;\">ABOUT<\/span><\/h2>[\/et_pb_text][\/et_pb_column][\/et_pb_row][et_pb_row column_structure=&#8221;1_2,1_2&#8243; use_custom_gutter=&#8221;on&#8221; gutter_width=&#8221;2&#8243; make_equal=&#8221;on&#8221; _builder_version=&#8221;4.23.1&#8243; _module_preset=&#8221;default&#8221; width=&#8221;90%&#8221; max_width=&#8221;1400px&#8221; custom_padding=&#8221;||0px|||&#8221; global_colors_info=&#8221;{}&#8221;][et_pb_column type=&#8221;1_2&#8243; disabled_on=&#8221;off|off|off&#8221; _builder_version=&#8221;4.23.1&#8243; _module_preset=&#8221;default&#8221; background_enable_image=&#8221;off&#8221; background_position=&#8221;top_center&#8221; custom_padding=&#8221;||||false|false&#8221; custom_padding_tablet=&#8221;||||false|false&#8221; custom_padding_phone=&#8221;||||false|false&#8221; custom_padding_last_edited=&#8221;on|phone&#8221; background_last_edited=&#8221;on|tablet&#8221; background_size_phone=&#8221;cover&#8221; background_vertical_offset_tablet=&#8221;7%&#8221; background_vertical_offset_phone=&#8221;14%&#8221; overflow-x_last_edited=&#8221;off|desktop&#8221; global_colors_info=&#8221;{}&#8221;][et_pb_gallery gallery_ids=&#8221;208,207,206,205,204,203,202,201,200,199,198&#8243; fullwidth=&#8221;on&#8221; _builder_version=&#8221;4.23.1&#8243; _module_preset=&#8221;default&#8221; pagination_font=&#8221;||||||||&#8221; pagination_text_color=&#8221;RGBA(255,255,255,0)&#8221; custom_css_free_form=&#8221;.et-pb-arrow-prev, .et-pb-arrow-next  {||  color: rgb(255,255,255) !important||}||||.et-pb-controllers a {||  background-color: rgb(255,255,255) !important||}||||.et-pb-active-control {||  background-color:rgb(255,255,255) !important||}&#8221; global_colors_info=&#8221;{}&#8221;][\/et_pb_gallery][\/et_pb_column][et_pb_column type=&#8221;1_2&#8243; _builder_version=&#8221;4.23.1&#8243; _module_preset=&#8221;default&#8221; background_color=&#8221;#a8cfda&#8221; custom_padding=&#8221;|30px||30px|false|true&#8221; global_colors_info=&#8221;{}&#8221;][et_pb_text _builder_version=&#8221;4.23.1&#8243; _module_preset=&#8221;71f14352-2e51-47a2-9843-b0793360c76a&#8221; header_4_text_color=&#8221;gcid-3be8d3fa-8b11-41b4-b614-e601c43d7597&#8243; custom_margin=&#8221;18px||-2px||false|false&#8221; custom_padding=&#8221;||||false|false&#8221; global_colors_info=&#8221;{%22gcid-3be8d3fa-8b11-41b4-b614-e601c43d7597%22:%91%22header_4_text_color%22%93}&#8221;]<h3><strong><span style=\"color: #000000;\">The Dystopians<\/span><\/strong><\/h3>[\/et_pb_text][et_pb_text module_id=&#8221;bio-text&#8221; _builder_version=&#8221;4.23.1&#8243; _module_preset=&#8221;6bf03215-d2e9-4da3-8941-4dec17219622&#8243; text_text_color=&#8221;#FFFFFF&#8221; text_font_size=&#8221;17px&#8221; text_line_height=&#8221;1.9em&#8221; header_4_letter_spacing=&#8221;2px&#8221; header_4_line_height=&#8221;1.2em&#8221; custom_margin=&#8221;||||false|false&#8221; locked=&#8221;off&#8221; global_colors_info=&#8221;{}&#8221;]<p><span style=\"color: #000000;\">est un groupe h\u00e9raultais et gardois \u00e0 tendance rock fond\u00e9 en 2018, compos\u00e9 de Nicolas Duboc (chant\/guitare), Vincent Paul-Victor (guitare), Nicolas\u2028 F\u00e9ron (basse) et Fr\u00e9d\u00e9ric Gilles (batterie).<\/span><\/p>\n<p><span style=\"color: #000000;\">Le groupe propose un univers m\u00ealant po\u00e9sie et \u2028onirisme avec un regard parfois ethnologique et sarcastique. \u00c9nergique, g\u00e9n\u00e9reuse et polymorphe, leur sonorit\u00e9 embarque au-del\u00e0 des g\u00e9n\u00e9rations\u2028et des styles musicaux.<\/span><\/p>\n<p><span style=\"color: #000000;\">Au travers de textes \u00e9crits en fran\u00e7ais et en\u2028 anglais, The Dystopians questionne l\u2019actualit\u00e9,\u2028 la soci\u00e9t\u00e9 et s\u2019interroge sur ce qu\u2019il en restera&#8230;<\/span><\/p>[\/et_pb_text][\/et_pb_column][\/et_pb_row][\/et_pb_section][et_pb_section fb_built=&#8221;1&#8243; admin_label=&#8221;Footer&#8221; _builder_version=&#8221;4.23.1&#8243; _module_preset=&#8221;default&#8221; background_color=&#8221;rgba(187,195,199,0.3)&#8221; custom_padding=&#8221;6px|||||&#8221; saved_tabs=&#8221;all&#8221; collapsed=&#8221;on&#8221; global_colors_info=&#8221;{}&#8221;][et_pb_row column_structure=&#8221;2_5,3_5&#8243; _builder_version=&#8221;4.23.1&#8243; _module_preset=&#8221;default&#8221; width=&#8221;90%&#8221; max_width=&#8221;1400px&#8221; global_colors_info=&#8221;{}&#8221;][et_pb_column type=&#8221;2_5&#8243; _builder_version=&#8221;4.23.1&#8243; _module_preset=&#8221;default&#8221; global_colors_info=&#8221;{}&#8221;][et_pb_text _builder_version=&#8221;4.23.1&#8243; _module_preset=&#8221;0236f3e9-e0a0-4a3f-ac23-11b1502aad68&#8243; global_colors_info=&#8221;{}&#8221;]<h2><span style=\"color: #9c0d08;\">MUSIC<\/span><\/h2>[\/et_pb_text][et_pb_image src=&#8221;https:\/\/thedystopians.fr\/wp-content\/uploads\/2023\/12\/THEDYSTOPIANS_POCHETTE_ALBUM.jpg&#8221; alt=&#8221;Cover time to move The Dystopians&#8221; title_text=&#8221;THEDYSTOPIANS_POCHETTE_ALBUM&#8221; _builder_version=&#8221;4.23.1&#8243; _module_preset=&#8221;default&#8221; global_colors_info=&#8221;{}&#8221;][\/et_pb_image][\/et_pb_column][et_pb_column type=&#8221;3_5&#8243; _builder_version=&#8221;4.23.1&#8243; _module_preset=&#8221;default&#8221; global_colors_info=&#8221;{}&#8221;][et_pb_text _builder_version=&#8221;4.23.1&#8243; _module_preset=&#8221;default&#8221; custom_margin=&#8221;200px||||false|false&#8221; custom_margin_tablet=&#8221;0px||||false|false&#8221; custom_margin_phone=&#8221;0px||||false|false&#8221; custom_margin_last_edited=&#8221;on|phone&#8221; global_colors_info=&#8221;{}&#8221;]<h1><strong>Time to move<\/strong><\/h1>\n<h3>2022<\/h3>\n<p>&nbsp;<\/p>\n<p>&nbsp;<\/p>\n<h2><strong>Listen on<\/strong><\/h2>\n<p><strong><\/strong><\/p>\n<p><strong><a href=\"https:\/\/open.spotify.com\/intl-fr\/album\/497Hs4ky1xw48FgNPwYVFh?referral=labelaffiliate&amp;utm_source=1100ly3EhgIs&amp;utm_medium=Indie_Believe&amp;utm_campaign=labelaffiliate\" target=\"_blank\" rel=\"noopener\"><img loading=\"lazy\" decoding=\"async\" src=\"https:\/\/thedystopians.fr\/wp-content\/uploads\/2023\/12\/spotify.png\" width=\"75\" height=\"75\" alt=\"\" class=\"wp-image-161 alignnone size-full\" srcset=\"https:\/\/thedystopians.fr\/wp-content\/uploads\/2023\/12\/spotify.png 193w, https:\/\/thedystopians.fr\/wp-content\/uploads\/2023\/12\/spotify-150x150.png 150w\" sizes=\"(max-width: 75px) 100vw, 75px\" \/><\/a>\u00a0 <a href=\"https:\/\/www.deezer.com\/fr\/album\/302377077\" target=\"_blank\" rel=\"noopener\"><img loading=\"lazy\" decoding=\"async\" src=\"https:\/\/thedystopians.fr\/wp-content\/uploads\/2023\/12\/deezer.png\" width=\"75\" height=\"75\" alt=\"\" class=\"wp-image-157 alignnone size-full\" srcset=\"https:\/\/thedystopians.fr\/wp-content\/uploads\/2023\/12\/deezer.png 193w, https:\/\/thedystopians.fr\/wp-content\/uploads\/2023\/12\/deezer-150x150.png 150w\" sizes=\"(max-width: 75px) 100vw, 75px\" \/><\/a>\u00a0 <a href=\"https:\/\/music.apple.com\/fr\/album\/time-to-move\/1614383994\" target=\"_blank\" rel=\"noopener\"><img loading=\"lazy\" decoding=\"async\" src=\"https:\/\/thedystopians.fr\/wp-content\/uploads\/2023\/12\/apple.png\" width=\"75\" height=\"75\" alt=\"\" class=\"wp-image-156 alignnone size-full\" srcset=\"https:\/\/thedystopians.fr\/wp-content\/uploads\/2023\/12\/apple.png 193w, https:\/\/thedystopians.fr\/wp-content\/uploads\/2023\/12\/apple-150x150.png 150w\" sizes=\"(max-width: 75px) 100vw, 75px\" \/><\/a>\u00a0 <a href=\"https:\/\/music.amazon.fr\/albums\/B09VCWDQDT\" target=\"_blank\" rel=\"noopener\"><img loading=\"lazy\" decoding=\"async\" src=\"https:\/\/thedystopians.fr\/wp-content\/uploads\/2023\/12\/amazon.png\" width=\"75\" height=\"75\" alt=\"\" class=\"wp-image-155 alignnone size-full\" srcset=\"https:\/\/thedystopians.fr\/wp-content\/uploads\/2023\/12\/amazon.png 193w, https:\/\/thedystopians.fr\/wp-content\/uploads\/2023\/12\/amazon-150x150.png 150w\" sizes=\"(max-width: 75px) 100vw, 75px\" \/><\/a>\u00a0 <a href=\"https:\/\/www.qobuz.com\/fr-fr\/album\/time-to-move-the-dystopians\/rt29xdx25f97b\" target=\"_blank\" rel=\"noopener\"><img loading=\"lazy\" decoding=\"async\" src=\"https:\/\/thedystopians.fr\/wp-content\/uploads\/2023\/12\/qobuz.png\" width=\"75\" height=\"75\" alt=\"\" class=\"wp-image-160 alignnone size-full\" srcset=\"https:\/\/thedystopians.fr\/wp-content\/uploads\/2023\/12\/qobuz.png 193w, https:\/\/thedystopians.fr\/wp-content\/uploads\/2023\/12\/qobuz-150x150.png 150w\" sizes=\"(max-width: 75px) 100vw, 75px\" \/><\/a>\u00a0 <a href=\"http:\/\/www.youtube.com\/channel\/UCBu3sk_S8XOhhqlGWyAELOg\" target=\"_blank\" rel=\"noopener\"><img loading=\"lazy\" decoding=\"async\" src=\"https:\/\/thedystopians.fr\/wp-content\/uploads\/2023\/12\/youtube.png\" width=\"75\" height=\"75\" alt=\"\" class=\"wp-image-162 alignnone size-full\" srcset=\"https:\/\/thedystopians.fr\/wp-content\/uploads\/2023\/12\/youtube.png 193w, https:\/\/thedystopians.fr\/wp-content\/uploads\/2023\/12\/youtube-150x150.png 150w\" sizes=\"(max-width: 75px) 100vw, 75px\" \/><\/a><br \/><\/strong><\/p>[\/et_pb_text][\/et_pb_column][\/et_pb_row][\/et_pb_section][et_pb_section fb_built=&#8221;1&#8243; admin_label=&#8221;Footer&#8221; _builder_version=&#8221;4.23.1&#8243; _module_preset=&#8221;default&#8221; background_color=&#8221;#a8cfda&#8221; saved_tabs=&#8221;all&#8221; collapsed=&#8221;on&#8221; global_colors_info=&#8221;{}&#8221;][et_pb_row column_structure=&#8221;1_3,1_3,1_3&#8243; make_equal=&#8221;on&#8221; _builder_version=&#8221;4.23.1&#8243; _module_preset=&#8221;default&#8221; width=&#8221;90%&#8221; max_width=&#8221;1400px&#8221; global_colors_info=&#8221;{}&#8221;][et_pb_column type=&#8221;1_3&#8243; _builder_version=&#8221;4.20.0&#8243; _module_preset=&#8221;default&#8221; global_colors_info=&#8221;{}&#8221;][et_pb_text _builder_version=&#8221;4.23.1&#8243; _module_preset=&#8221;0236f3e9-e0a0-4a3f-ac23-11b1502aad68&#8243; global_colors_info=&#8221;{}&#8221;]<h2><span style=\"color: #9c0d08;\">CONTACTS<\/span><\/h2>[\/et_pb_text][et_pb_text _builder_version=&#8221;4.23.1&#8243; _module_preset=&#8221;a329849f-6ecc-47d5-ab99-c02f56b44420&#8243; global_colors_info=&#8221;{}&#8221;]<h4><a href=\"mailto:dystopiansrecords@gmail.com\" target=\"_blank\" rel=\"noopener\">dystopiansrecords@gmail.com<\/a><\/h4>[\/et_pb_text][et_pb_text _builder_version=&#8221;4.23.1&#8243; _module_preset=&#8221;default&#8221; global_colors_info=&#8221;{}&#8221;]<p><a href=\"https:\/\/www.facebook.com\/dystopians.records\" target=\"_blank\" rel=\"noopener\"><img loading=\"lazy\" decoding=\"async\" src=\"https:\/\/thedystopians.fr\/wp-content\/uploads\/2023\/12\/facebook.png\" width=\"75\" height=\"75\" alt=\"\" class=\"wp-image-158 alignnone size-full\" srcset=\"https:\/\/thedystopians.fr\/wp-content\/uploads\/2023\/12\/facebook.png 193w, https:\/\/thedystopians.fr\/wp-content\/uploads\/2023\/12\/facebook-150x150.png 150w\" sizes=\"(max-width: 75px) 100vw, 75px\" \/><\/a>\u00a0 <a href=\"https:\/\/instagram.com\/the_dystopians_band?igshid=MmVlMjlkMTBhMg%3D%3D&amp;utm_source=qr\" target=\"_blank\" rel=\"noopener\"><img loading=\"lazy\" decoding=\"async\" src=\"https:\/\/thedystopians.fr\/wp-content\/uploads\/2023\/12\/insta.png\" width=\"75\" height=\"75\" alt=\"\" class=\"wp-image-159 alignnone size-full\" srcset=\"https:\/\/thedystopians.fr\/wp-content\/uploads\/2023\/12\/insta.png 193w, https:\/\/thedystopians.fr\/wp-content\/uploads\/2023\/12\/insta-150x150.png 150w\" sizes=\"(max-width: 75px) 100vw, 75px\" \/><\/a><\/p>[\/et_pb_text][\/et_pb_column][et_pb_column type=&#8221;1_3&#8243; _builder_version=&#8221;4.23.1&#8243; _module_preset=&#8221;default&#8221; global_colors_info=&#8221;{}&#8221;][\/et_pb_column][et_pb_column type=&#8221;1_3&#8243; _builder_version=&#8221;4.20.0&#8243; _module_preset=&#8221;default&#8221; global_colors_info=&#8221;{}&#8221;][et_pb_text content_tablet=&#8221;<p><img src=%22https:\/\/thedystopians.fr\/wp-content\/uploads\/2023\/12\/LOGO_DYSTOPIANS_RECORDS_NOIR-300x89.png%22 width=%22179%22 height=%2253%22 alt=%22%22 class=%22wp-image-105 alignnone size-medium%22 \/>       <a href=%22https:\/\/inouiedistribution.pro\/%22><img src=%22https:\/\/thedystopians.fr\/wp-content\/uploads\/2023\/12\/LOGO_INOUIE_DISTRIBUTION_NOIR-300x112.png%22 width=%22177%22 height=%2266%22 alt=%22%22 class=%22wp-image-107 alignnone size-medium%22 \/><\/a><\/p>&#8221; content_phone=&#8221;<p><img src=%22https:\/\/thedystopians.fr\/wp-content\/uploads\/2023\/12\/LOGO_DYSTOPIANS_RECORDS_NOIR-300x89.png%22 width=%22179%22 height=%2253%22 alt=%22%22 class=%22wp-image-105 alignnone size-medium%22 \/>       <a href=%22https:\/\/inouiedistribution.pro\/%22><img src=%22https:\/\/thedystopians.fr\/wp-content\/uploads\/2023\/12\/LOGO_INOUIE_DISTRIBUTION_NOIR-300x112.png%22 width=%22177%22 height=%2266%22 alt=%22%22 class=%22wp-image-107 alignnone size-medium%22 \/><\/a><\/p>&#8221; content_last_edited=&#8221;on|phone&#8221; _builder_version=&#8221;4.23.1&#8243; _module_preset=&#8221;default&#8221; custom_margin=&#8221;18vh||||false|false&#8221; custom_margin_tablet=&#8221;200px||||false|false&#8221; custom_margin_phone=&#8221;0px||||false|false&#8221; custom_margin_last_edited=&#8221;on|phone&#8221; header_text_align_last_edited=&#8221;off|phone&#8221; global_colors_info=&#8221;{}&#8221;]<p><img loading=\"lazy\" decoding=\"async\" src=\"https:\/\/thedystopians.fr\/wp-content\/uploads\/2023\/12\/LOGO_DYSTOPIANS_RECORDS_NOIR-300x89.png\" width=\"179\" height=\"53\" alt=\"\" class=\"wp-image-105 alignnone size-medium\" \/> \u00a0 \u00a0 \u00a0 <a href=\"https:\/\/inouiedistribution.pro\/\" target=\"_blank\" rel=\"noopener\"><img loading=\"lazy\" decoding=\"async\" src=\"https:\/\/thedystopians.fr\/wp-content\/uploads\/2023\/12\/LOGO_INOUIE_DISTRIBUTION_NOIR-300x112.png\" width=\"177\" height=\"66\" alt=\"\" class=\"wp-image-107 alignnone size-medium\" \/><\/a><\/p>[\/et_pb_text][\/et_pb_column][\/et_pb_row][\/et_pb_section]\n","protected":false},"excerpt":{"rendered":"<p>SHOWSALIVE MY STUDIO VENDARGUESA\u0300 propos de l\u2019e\u0301ve\u0301nement Concert en partenariat avec le groupe F#CK YOU TONY!! Ouverture des portes, \u00e0 19h ALIVE My STudio : 125 rue des Portes Domitiennes\u00a0 34740 Vendargues &#8211; https:\/\/linktr.ee\/alivemystudio Vendredi 4 octobre 202419h &#8211; Prix libreABOUTThe Dystopiansest un groupe h\u00e9raultais et gardois \u00e0 tendance rock fond\u00e9 en 2018, compos\u00e9 de [&hellip;]<\/p>\n","protected":false},"author":1,"featured_media":0,"parent":0,"menu_order":0,"comment_status":"closed","ping_status":"closed","template":"","meta":{"_et_pb_use_builder":"on","_et_pb_old_content":"<!-- wp:paragraph -->\n<p>Ceci est une page d\u2019exemple. C\u2019est diff\u00e9rent d\u2019un article de blog parce qu\u2019elle restera au m\u00eame endroit et appara\u00eetra dans la navigation de votre site (dans la plupart des th\u00e8mes). La plupart des gens commencent par une page \u00ab\u00a0\u00c0 propos\u00a0\u00bb qui les pr\u00e9sente aux personnes visitant le site. Cela pourrait ressembler \u00e0 quelque chose comme cela\u00a0:<\/p>\n<!-- \/wp:paragraph -->\n\n<!-- wp:quote -->\n<blockquote class=\"wp-block-quote\"><p>Bonjour\u00a0! Je suis un m\u00e9canicien qui aspire \u00e0 devenir acteur, et voici mon site. J\u2019habite \u00e0 Bordeaux, j\u2019ai un super chien baptis\u00e9 Russell, et j\u2019aime la vodka (ainsi qu\u2019\u00eatre surpris par la pluie soudaine lors de longues balades sur la plage au coucher du soleil).<\/p><\/blockquote>\n<!-- \/wp:quote -->\n\n<!-- wp:paragraph -->\n<p>\u2026ou quelque chose comme cela\u00a0:<\/p>\n<!-- \/wp:paragraph -->\n\n<!-- wp:quote -->\n<blockquote class=\"wp-block-quote\"><p>La soci\u00e9t\u00e9 123 Machin Truc a \u00e9t\u00e9 cr\u00e9\u00e9e en 1971, et n\u2019a cess\u00e9 de proposer au public des machins-trucs de qualit\u00e9 depuis lors. Situ\u00e9e \u00e0 Saint-Remy-en-Bouzemont-Saint-Genest-et-Isson, 123 Machin Truc emploie 2 000 personnes, et fabrique toutes sortes de bidules supers pour la communaut\u00e9 bouzemontoise.<\/p><\/blockquote>\n<!-- \/wp:quote -->\n\n<!-- wp:paragraph -->\n<p>En tant que nouvel utilisateur ou utilisatrice de WordPress, vous devriez vous rendre sur <a href=\"http:\/\/thedystopians.fr\/wp-admin\/\">votre tableau de bord<\/a> pour supprimer cette page et cr\u00e9er de nouvelles pages pour votre contenu. Amusez-vous bien\u00a0!<\/p>\n<!-- \/wp:paragraph -->","_et_gb_content_width":"","footnotes":""},"class_list":["post-2","page","type-page","status-publish","hentry"],"_links":{"self":[{"href":"https:\/\/thedystopians.fr\/index.php\/wp-json\/wp\/v2\/pages\/2","targetHints":{"allow":["GET"]}}],"collection":[{"href":"https:\/\/thedystopians.fr\/index.php\/wp-json\/wp\/v2\/pages"}],"about":[{"href":"https:\/\/thedystopians.fr\/index.php\/wp-json\/wp\/v2\/types\/page"}],"author":[{"embeddable":true,"href":"https:\/\/thedystopians.fr\/index.php\/wp-json\/wp\/v2\/users\/1"}],"replies":[{"embeddable":true,"href":"https:\/\/thedystopians.fr\/index.php\/wp-json\/wp\/v2\/comments?post=2"}],"version-history":[{"count":74,"href":"https:\/\/thedystopians.fr\/index.php\/wp-json\/wp\/v2\/pages\/2\/revisions"}],"predecessor-version":[{"id":248,"href":"https:\/\/thedystopians.fr\/index.php\/wp-json\/wp\/v2\/pages\/2\/revisions\/248"}],"wp:attachment":[{"href":"https:\/\/thedystopians.fr\/index.php\/wp-json\/wp\/v2\/media?parent=2"}],"curies":[{"name":"wp","href":"https:\/\/api.w.org\/{rel}","templated":true}]}}